{"id":719,"date":"2022-04-01T14:51:12","date_gmt":"2022-04-01T12:51:12","guid":{"rendered":"https:\/\/mozart-gesellschaft-dortmund.de\/?page_id=719"},"modified":"2025-05-21T10:44:58","modified_gmt":"2025-05-21T08:44:58","slug":"agb","status":"publish","type":"page","link":"https:\/\/mozart-gesellschaft-dortmund.de\/en\/agb\/","title":{"rendered":"AGB"},"content":{"rendered":"<p>ALLGEMEINE GESCH\u00c4FTSBEDINGUNGEN DER<br \/>\nMOZART GESELLSCHAFT DORTMUND E.V.<br \/>\nALLGEMEIN<br \/>\n1. Die Mozart Gesellschaft Dortmund e.V. ist Veranstalterin der j\u00e4hrlich mehrfach, in der Regel sechsmal, stattfindenden Mozart Matineen.<\/p>\n<p>2. Jegliche Schadenersatzhaftung der Veranstalterin ist ausgeschlossen. Dies gilt nicht f\u00fcr vors\u00e4tzlich oder grob fahrl\u00e4ssig von ihr, ihren gesetzlichen Vertretern oder Erf\u00fcllungsgehilfen verschuldeten Sch\u00e4den sowie nicht f\u00fcr Sch\u00e4den aus der Verletzung des Lebens, des K\u00f6rpers oder der Gesundheit, die auf einer fahrl\u00e4ssigen Pflichtverletzung der Veranstalterin oder einer vors\u00e4tzlichen oder fahrl\u00e4ssigen Pflichtverletzung eines gesetzlichen Vertreters oder Erf\u00fcllungsgehilfen der Veranstalterin beruhen.<\/p>\n<p>EINTRITTSPREISE<br \/>\n3. Es gelten jeweils die im Veranstaltungsprogramm der Mozart Gesellschaft Dortmund e.V. ausgedruckten Preise. Die angegebenen Eintrittspreise gelten sowohl f\u00fcr den Vorverkauf als auch an der Tageskasse. Reduzierte Eintrittspreise werden f\u00fcr Sch\u00fcler, Studenten, Auszubildende, Behinderte und Inhaber des Dortmund Passes gew\u00e4hrt. Die Berechtigung ist nachzuweisen.<\/p>\n<p>4. Bei Veranstaltungen mit Einheitspreisen \u2013 soweit im Einzelfall nicht gesondert geregelt \u2013 gelten Reihen und Platznummern. In Einzelf\u00e4llen muss mit einer Sichtbehinderung gerechnet werden.<\/p>\n<p>KARTEN<br \/>\n5. Die Tageskasse \u00f6ffnet 1 Stunde vor Konzertbeginn. Dort hinterlegte Karten m\u00fcssen bis sp\u00e4testens eine Viertelstunde vor Konzertbeginn abgeholt sein, ansonsten gehen sie wieder in den freien Verkauf. Karten, die dann nicht mehr verkauft werden k\u00f6nnen, werden voll in Rechnung gestellt.<\/p>\n<p>6. Umtausch oder R\u00fcckgabe von Konzertkarten ist grunds\u00e4tzlich ausgeschlossen. Bei kurzfristiger Verhinderung setzen Sie sich bitte zwecks m\u00f6glichem Verkauf an Dritte mit der Gesch\u00e4ftsstelle in Verbindung.<\/p>\n<p>7. Ersatz f\u00fcr Dauerkarten (Abonnement) wird gegen eine Bearbeitungsgeb\u00fchr von EUR 5,\u2013 neu ausgestellt. Die Originalkarte verliert dann ihre G\u00fcltigkeit.<\/p>\n<p>8. Der Erwerb von Eintrittskarten zum gewerblichen Weiterverkauf ist untersagt. Auch auf dem Veranstaltungsgel\u00e4nde ist ausschlie\u00dflich der Veranstalter zum Verkauf von Eintrittskarten berechtigt.<\/p>\n<p>9. Beim Verlassen des Veranstaltungsgel\u00e4ndes verliert die Eintrittskarte ihre G\u00fcltigkeit.<\/p>\n<p>10. Besetzungs- und Programm\u00e4nderungen sind nicht beabsichtigt, aber vorbehalten und berechtigen nicht zur R\u00fcckgabe der Karten. Lediglich bei genereller Absage einer Veranstaltung wird innerhalb einer Frist von zwei Monaten gegen Vorlage der Eintrittskarten in der Gesch\u00e4ftsstelle der Eintrittspreis erstattet. Die R\u00fccknahme der Karten wegen einer Terminverlegung ist nur bis zum Tage vor dem endg\u00fcltigen Veranstaltungstermin m\u00f6glich. Sollte eine bereits angefangene Vorstellung abgebrochen werden m\u00fcssen, kann kein Ersatzanspruch gew\u00e4hrt werden.<\/p>\n<p>11. Bei Ausfall eines Konzertes durch h\u00f6here Gewalt oder Streik wird kein Ersatz gew\u00e4hrt.<\/p>\n<p>EINLASS<br \/>\n12. Nach Beginn einer Veranstaltung besteht kein Anrecht mehr auf den erworbenen Sitzplatz. Versp\u00e4teter Einlass wird nur durch das Kontrollpersonal gew\u00e4hrt. Zu sp\u00e4t kommende Besucher k\u00f6nnen grunds\u00e4tzlich erst in Pausen Einlass finden.<\/p>\n<p>GARDEROBE<br \/>\n13. F\u00fcr Garderobe wird grunds\u00e4tzlich keine Haftung \u00fcbernommen.<\/p>\n<p>ELEKTRONISCHE GER\u00c4TE<br \/>\n14. Vor Konzertbeginn sind Signalfunktionen von elektronischen Armbanduhren abzustellen und Mobiltelefone auszuschalten.<\/p>\n<p>BILD- UND TONAUFNAHMEN<br \/>\n15. Aus urheberrechtlichen Gr\u00fcnden sind jegliche Ton-, Foto- und Filmaufnahmen, auch f\u00fcr den privaten Gebrauch, untersagt. Zuwiderhandlungen werden verfolgt.<\/p>\n<p>&nbsp;<\/p>\n<p>Dortmund, Mai 2025<\/p>\n","protected":false},"excerpt":{"rendered":"<p>ALLGEMEINE GESCH\u00c4FTSBEDINGUNGEN DER<br \/>\nMOZART GESELLSCHAFT DORTMUND E.V.<br \/>\nALLGEMEIN<br \/>\n1. Die Mozart Gesellschaft Dortmund e.V. ist Veranstalterin der j\u00e4hrlich mehrfach, in der Regel sechsmal, stattfindenden Mozart Matineen.<\/p>\n<p>2.<\/p>\n<p>  <a href=\"https:\/\/mozart-gesellschaft-dortmund.de\/en\/agb\/\" class=\"read-more\">Read more<\/a><\/p>\n","protected":false},"author":1,"featured_media":0,"parent":0,"menu_order":0,"comment_status":"closed","ping_status":"closed","template":"","meta":{"_acf_changed":false,"inline_featured_image":false,"footnotes":""},"class_list":["post-719","page","type-page","status-publish","hentry"],"acf":[],"yoast_head":"<!-- This site is optimized with the Yoast SEO plugin v27.4 - https:\/\/yoast.com\/product\/yoast-seo-wordpress\/ -->\n<title>AGB - Mozart Gesellschaft Dortmund e.V.<\/title>\n<meta name=\"robots\" content=\"index, follow, max-snippet:-1, max-image-preview:large, max-video-preview:-1\" \/>\n<link rel=\"canonical\" href=\"https:\/\/mozart-gesellschaft-dortmund.de\/en\/agb\/\" \/>\n<meta property=\"og:locale\" content=\"en_US\" \/>\n<meta property=\"og:type\" content=\"article\" \/>\n<meta property=\"og:title\" content=\"AGB - Mozart Gesellschaft Dortmund e.V.\" \/>\n<meta property=\"og:description\" content=\"ALLGEMEINE GESCH\u00c4FTSBEDINGUNGEN DER MOZART GESELLSCHAFT DORTMUND E.V. ALLGEMEIN 1. Die Mozart Gesellschaft Dortmund e.V. ist Veranstalterin der j\u00e4hrlich mehrfach, in der Regel sechsmal, stattfindenden Mozart Matineen. 2. Read more\" \/>\n<meta property=\"og:url\" content=\"https:\/\/mozart-gesellschaft-dortmund.de\/en\/agb\/\" \/>\n<meta property=\"og:site_name\" content=\"Mozart Gesellschaft Dortmund e.V.\" \/>\n<meta property=\"article:publisher\" content=\"https:\/\/www.facebook.com\/mozart.gesellschaft.dortmund\" \/>\n<meta property=\"article:modified_time\" content=\"2025-05-21T08:44:58+00:00\" \/>\n<meta name=\"twitter:card\" content=\"summary_large_image\" \/>\n<meta name=\"twitter:label1\" content=\"Est. reading time\" \/>\n\t<meta name=\"twitter:data1\" content=\"3 minutes\" \/>\n<script type=\"application\/ld+json\" class=\"yoast-schema-graph\">{\"@context\":\"https:\\\/\\\/schema.org\",\"@graph\":[{\"@type\":\"WebPage\",\"@id\":\"https:\\\/\\\/mozart-gesellschaft-dortmund.de\\\/en\\\/agb\\\/\",\"url\":\"https:\\\/\\\/mozart-gesellschaft-dortmund.de\\\/en\\\/agb\\\/\",\"name\":\"AGB - Mozart Gesellschaft Dortmund e.V.\",\"isPartOf\":{\"@id\":\"https:\\\/\\\/mozart-gesellschaft-dortmund.de\\\/en\\\/#website\"},\"datePublished\":\"2022-04-01T12:51:12+00:00\",\"dateModified\":\"2025-05-21T08:44:58+00:00\",\"breadcrumb\":{\"@id\":\"https:\\\/\\\/mozart-gesellschaft-dortmund.de\\\/en\\\/agb\\\/#breadcrumb\"},\"inLanguage\":\"en-US\",\"potentialAction\":[{\"@type\":\"ReadAction\",\"target\":[\"https:\\\/\\\/mozart-gesellschaft-dortmund.de\\\/en\\\/agb\\\/\"]}]},{\"@type\":\"BreadcrumbList\",\"@id\":\"https:\\\/\\\/mozart-gesellschaft-dortmund.de\\\/en\\\/agb\\\/#breadcrumb\",\"itemListElement\":[{\"@type\":\"ListItem\",\"position\":1,\"name\":\"Startseite\",\"item\":\"https:\\\/\\\/mozart-gesellschaft-dortmund.de\\\/en\\\/startseite\\\/\"},{\"@type\":\"ListItem\",\"position\":2,\"name\":\"AGB\"}]},{\"@type\":\"WebSite\",\"@id\":\"https:\\\/\\\/mozart-gesellschaft-dortmund.de\\\/en\\\/#website\",\"url\":\"https:\\\/\\\/mozart-gesellschaft-dortmund.de\\\/en\\\/\",\"name\":\"Mozart Gesellschaft Dortmund e.V.\",\"description\":\"\",\"publisher\":{\"@id\":\"https:\\\/\\\/mozart-gesellschaft-dortmund.de\\\/en\\\/#organization\"},\"potentialAction\":[{\"@type\":\"SearchAction\",\"target\":{\"@type\":\"EntryPoint\",\"urlTemplate\":\"https:\\\/\\\/mozart-gesellschaft-dortmund.de\\\/en\\\/?s={search_term_string}\"},\"query-input\":{\"@type\":\"PropertyValueSpecification\",\"valueRequired\":true,\"valueName\":\"search_term_string\"}}],\"inLanguage\":\"en-US\"},{\"@type\":\"Organization\",\"@id\":\"https:\\\/\\\/mozart-gesellschaft-dortmund.de\\\/en\\\/#organization\",\"name\":\"Mozart Gesellschaft Dortmund e.V.\",\"url\":\"https:\\\/\\\/mozart-gesellschaft-dortmund.de\\\/en\\\/\",\"logo\":{\"@type\":\"ImageObject\",\"inLanguage\":\"en-US\",\"@id\":\"https:\\\/\\\/mozart-gesellschaft-dortmund.de\\\/en\\\/#\\\/schema\\\/logo\\\/image\\\/\",\"url\":\"https:\\\/\\\/mozart-gesellschaft-dortmund.de\\\/wp-content\\\/uploads\\\/MGD_Logo_70Jahre.svg\",\"contentUrl\":\"https:\\\/\\\/mozart-gesellschaft-dortmund.de\\\/wp-content\\\/uploads\\\/MGD_Logo_70Jahre.svg\",\"width\":96,\"height\":44,\"caption\":\"Mozart Gesellschaft Dortmund e.V.\"},\"image\":{\"@id\":\"https:\\\/\\\/mozart-gesellschaft-dortmund.de\\\/en\\\/#\\\/schema\\\/logo\\\/image\\\/\"},\"sameAs\":[\"https:\\\/\\\/www.facebook.com\\\/mozart.gesellschaft.dortmund\",\"https:\\\/\\\/www.instagram.com\\\/mozartgesellschaft\\\/\"]}]}<\/script>\n<!-- \/ Yoast SEO plugin. -->","yoast_head_json":{"title":"AGB - Mozart Gesellschaft Dortmund e.V.","robots":{"index":"index","follow":"follow","max-snippet":"max-snippet:-1","max-image-preview":"max-image-preview:large","max-video-preview":"max-video-preview:-1"},"canonical":"https:\/\/mozart-gesellschaft-dortmund.de\/en\/agb\/","og_locale":"en_US","og_type":"article","og_title":"AGB - Mozart Gesellschaft Dortmund e.V.","og_description":"ALLGEMEINE GESCH\u00c4FTSBEDINGUNGEN DER MOZART GESELLSCHAFT DORTMUND E.V. ALLGEMEIN 1. Die Mozart Gesellschaft Dortmund e.V. ist Veranstalterin der j\u00e4hrlich mehrfach, in der Regel sechsmal, stattfindenden Mozart Matineen. 2. Read more","og_url":"https:\/\/mozart-gesellschaft-dortmund.de\/en\/agb\/","og_site_name":"Mozart Gesellschaft Dortmund e.V.","article_publisher":"https:\/\/www.facebook.com\/mozart.gesellschaft.dortmund","article_modified_time":"2025-05-21T08:44:58+00:00","twitter_card":"summary_large_image","twitter_misc":{"Est. reading time":"3 minutes"},"schema":{"@context":"https:\/\/schema.org","@graph":[{"@type":"WebPage","@id":"https:\/\/mozart-gesellschaft-dortmund.de\/en\/agb\/","url":"https:\/\/mozart-gesellschaft-dortmund.de\/en\/agb\/","name":"AGB - Mozart Gesellschaft Dortmund e.V.","isPartOf":{"@id":"https:\/\/mozart-gesellschaft-dortmund.de\/en\/#website"},"datePublished":"2022-04-01T12:51:12+00:00","dateModified":"2025-05-21T08:44:58+00:00","breadcrumb":{"@id":"https:\/\/mozart-gesellschaft-dortmund.de\/en\/agb\/#breadcrumb"},"inLanguage":"en-US","potentialAction":[{"@type":"ReadAction","target":["https:\/\/mozart-gesellschaft-dortmund.de\/en\/agb\/"]}]},{"@type":"BreadcrumbList","@id":"https:\/\/mozart-gesellschaft-dortmund.de\/en\/agb\/#breadcrumb","itemListElement":[{"@type":"ListItem","position":1,"name":"Startseite","item":"https:\/\/mozart-gesellschaft-dortmund.de\/en\/startseite\/"},{"@type":"ListItem","position":2,"name":"AGB"}]},{"@type":"WebSite","@id":"https:\/\/mozart-gesellschaft-dortmund.de\/en\/#website","url":"https:\/\/mozart-gesellschaft-dortmund.de\/en\/","name":"Mozart Gesellschaft Dortmund e.V.","description":"","publisher":{"@id":"https:\/\/mozart-gesellschaft-dortmund.de\/en\/#organization"},"potentialAction":[{"@type":"SearchAction","target":{"@type":"EntryPoint","urlTemplate":"https:\/\/mozart-gesellschaft-dortmund.de\/en\/?s={search_term_string}"},"query-input":{"@type":"PropertyValueSpecification","valueRequired":true,"valueName":"search_term_string"}}],"inLanguage":"en-US"},{"@type":"Organization","@id":"https:\/\/mozart-gesellschaft-dortmund.de\/en\/#organization","name":"Mozart Gesellschaft Dortmund e.V.","url":"https:\/\/mozart-gesellschaft-dortmund.de\/en\/","logo":{"@type":"ImageObject","inLanguage":"en-US","@id":"https:\/\/mozart-gesellschaft-dortmund.de\/en\/#\/schema\/logo\/image\/","url":"https:\/\/mozart-gesellschaft-dortmund.de\/wp-content\/uploads\/MGD_Logo_70Jahre.svg","contentUrl":"https:\/\/mozart-gesellschaft-dortmund.de\/wp-content\/uploads\/MGD_Logo_70Jahre.svg","width":96,"height":44,"caption":"Mozart Gesellschaft Dortmund e.V."},"image":{"@id":"https:\/\/mozart-gesellschaft-dortmund.de\/en\/#\/schema\/logo\/image\/"},"sameAs":["https:\/\/www.facebook.com\/mozart.gesellschaft.dortmund","https:\/\/www.instagram.com\/mozartgesellschaft\/"]}]}},"_links":{"self":[{"href":"https:\/\/mozart-gesellschaft-dortmund.de\/en\/wp-json\/wp\/v2\/pages\/719","targetHints":{"allow":["GET"]}}],"collection":[{"href":"https:\/\/mozart-gesellschaft-dortmund.de\/en\/wp-json\/wp\/v2\/pages"}],"about":[{"href":"https:\/\/mozart-gesellschaft-dortmund.de\/en\/wp-json\/wp\/v2\/types\/page"}],"author":[{"embeddable":true,"href":"https:\/\/mozart-gesellschaft-dortmund.de\/en\/wp-json\/wp\/v2\/users\/1"}],"replies":[{"embeddable":true,"href":"https:\/\/mozart-gesellschaft-dortmund.de\/en\/wp-json\/wp\/v2\/comments?post=719"}],"version-history":[{"count":2,"href":"https:\/\/mozart-gesellschaft-dortmund.de\/en\/wp-json\/wp\/v2\/pages\/719\/revisions"}],"predecessor-version":[{"id":3814,"href":"https:\/\/mozart-gesellschaft-dortmund.de\/en\/wp-json\/wp\/v2\/pages\/719\/revisions\/3814"}],"wp:attachment":[{"href":"https:\/\/mozart-gesellschaft-dortmund.de\/en\/wp-json\/wp\/v2\/media?parent=719"}],"curies":[{"name":"wp","href":"https:\/\/api.w.org\/{rel}","templated":true}]}}